{"id":66,"date":"2018-01-21T22:00:35","date_gmt":"2018-01-21T22:00:35","guid":{"rendered":"http:\/\/konkurs-uw.sarp.warszawa.pl\/?page_id=63"},"modified":"2020-11-25T10:00:18","modified_gmt":"2020-11-25T09:00:18","slug":"o-konkursie-2","status":"publish","type":"page","link":"https:\/\/konkurs-zabieniec.sarp.warszawa.pl\/index.php\/o-konkursie-2\/","title":{"rendered":"O konkursie"},"content":{"rendered":"<p><strong>Gmina Piaseczno oraz Oddzia\u0142 Warszawski Stowarzyszenia Architekt\u00f3w Polskich zapraszaj\u0105 do udzia\u0142u w konkursie realizacyjnym na opracowanie koncepcji architektonicznej budynku \u015bwietlicy sportowej wraz z zagospodarowaniem terenu w \u017babie\u0144cu, gm. Piaseczno.<\/strong><\/p>\n<p>Konkurs jest konkursem realizacyjnym tj. na podstawie, kt\u00f3rego zostanie wykonana Dokumentacja projektowa, stanowi\u0105ca podstaw\u0119 do realizacji Inwestycji. Zakres opracowania konkursowego zosta\u0142 opisany w Rozdziale II, pkt. 2. Regulaminu oraz w Materia\u0142ach do konkursu (Za\u0142\u0105cznik nr 8 do Regulaminu). Uczestnicy konkursu sk\u0142adaj\u0105 wnioski o dopuszczenie do udzia\u0142u w konkursie. Organizator dopuszcza do udzia\u0142u w Konkursie i zaprasza do sk\u0142adania prac konkursowych Uczestnik\u00f3w konkursu spe\u0142niaj\u0105cych wymagania okre\u015blone w Regulaminie.<\/p>\n<p>Zadaniem podstawowym konkursu jest wy\u0142onienie, poprzez weryfikacj\u0119 i ocen\u0119 wszystkich prac konkursowych zgodnie z zasadami Regulaminu, najlepszej koncepcji \u015bwietlicy sportowej wraz z zagospodarowaniem terenu. Uczestnik konkursu, kt\u00f3rego prac\u0119 S\u0105d Konkursowy uzna za najlepsz\u0105, zostanie zaproszony do negocjacji w trybie zam\u00f3wienia z wolnej r\u0119ki. Przedmiotem negocjacji b\u0119d\u0105 warunki przysz\u0142ej Umowy na wykonanie Przedmiotu zam\u00f3wienia.<\/p>\n<p>Przedmiotem konkursu jest koncepcja architektoniczna budynku \u015bwietlicy sportowej wraz z zagospodarowaniem terenu. Teren opracowania konkursowego zlokalizowany jest na dzia\u0142ce nr 340 po\u0142o\u017conej w \u017babie\u0144cu przy ul. Le\u015bnej. Teren ten obj\u0119ty jest ustaleniami miejscowego planu zagospodarowania przestrzennego &#8211; Uchwa\u0142a nr 80\/VI\/2015 Rady Miejskiej w Piasecznie z dnia 18 marca 2015 r. w sprawie uchwalenia miejscowego planu zagospodarowania przestrzennego cz\u0119\u015bci wsi \u017babieniec (Za\u0142\u0105cznik nr 8c do Regulaminu Konkursu).<br \/>Zaproponowane rozwi\u0105zania musz\u0105 by\u0107 zgodne z ww. planem miejscowym.<\/p>\n<p>Szczeg\u00f3\u0142owy opis przedmiotu konkursu, za\u0142o\u017cenia i wytyczne do konkursu zosta\u0142y przedstawione w Za\u0142\u0105czniku nr 8b do Regulaminu.<\/p>\n<p>Zakres opracowania zosta\u0142 oznaczony na Za\u0142\u0105czniku nr 8a do Regulaminu.<\/p>\n\n\n<p><\/p>\n","protected":false},"excerpt":{"rendered":"<p>Gmina Piaseczno oraz Oddzia\u0142 Warszawski Stowarzyszenia Architekt\u00f3w Polskich zapraszaj\u0105 do udzia\u0142u w konkursie realizacyjnym na opracowanie koncepcji architektonicznej budynku \u015bwietlicy sportowej wraz z zagospodarowaniem terenu w \u017babie\u0144cu, gm. Piaseczno. Konkurs jest konkursem realizacyjnym tj. na podstawie, kt\u00f3rego zostanie wykonana Dokumentacja<span class=\"ellipsis\">&hellip;<\/span><\/p>\n<div class=\"read-more\"><a href=\"https:\/\/konkurs-zabieniec.sarp.warszawa.pl\/index.php\/o-konkursie-2\/\">Czytaj wi\u0119cej <span class=\"screen-reader-text\">O konkursie<\/span><span class=\"meta-nav\"> &#8250;<\/span><\/a><\/div>\n<p><!-- end of .read-more --><\/p>\n","protected":false},"author":1,"featured_media":0,"parent":0,"menu_order":0,"comment_status":"closed","ping_status":"closed","template":"","meta":[],"_links":{"self":[{"href":"https:\/\/konkurs-zabieniec.sarp.warszawa.pl\/index.php\/wp-json\/wp\/v2\/pages\/66"}],"collection":[{"href":"https:\/\/konkurs-zabieniec.sarp.warszawa.pl\/index.php\/wp-json\/wp\/v2\/pages"}],"about":[{"href":"https:\/\/konkurs-zabieniec.sarp.warszawa.pl\/index.php\/wp-json\/wp\/v2\/types\/page"}],"author":[{"embeddable":true,"href":"https:\/\/konkurs-zabieniec.sarp.warszawa.pl\/index.php\/wp-json\/wp\/v2\/users\/1"}],"replies":[{"embeddable":true,"href":"https:\/\/konkurs-zabieniec.sarp.warszawa.pl\/index.php\/wp-json\/wp\/v2\/comments?post=66"}],"version-history":[{"count":4,"href":"https:\/\/konkurs-zabieniec.sarp.warszawa.pl\/index.php\/wp-json\/wp\/v2\/pages\/66\/revisions"}],"predecessor-version":[{"id":559,"href":"https:\/\/konkurs-zabieniec.sarp.warszawa.pl\/index.php\/wp-json\/wp\/v2\/pages\/66\/revisions\/559"}],"wp:attachment":[{"href":"https:\/\/konkurs-zabieniec.sarp.warszawa.pl\/index.php\/wp-json\/wp\/v2\/media?parent=66"}],"curies":[{"name":"wp","href":"https:\/\/api.w.org\/{rel}","templated":true}]}}