{"id":282,"date":"2018-07-16T14:33:01","date_gmt":"2018-07-16T14:33:01","guid":{"rendered":"http:\/\/konkurs-rogatka.sarp.warszawa.pl\/?page_id=282"},"modified":"2020-11-24T21:31:40","modified_gmt":"2020-11-24T20:31:40","slug":"kryteria-oceny","status":"publish","type":"page","link":"https:\/\/konkurs-zabieniec.sarp.warszawa.pl\/index.php\/kryteria-oceny\/","title":{"rendered":"Kryteria oceny"},"content":{"rendered":"<p>Prace konkursowe oceniane b\u0119d\u0105 wed\u0142ug nast\u0119puj\u0105cych r\u00f3wnowa\u017cnych w swojej kategorii kryteri\u00f3w:<\/p>\n<p>a) Atrakcyjno\u015b\u0107 rozwi\u0105za\u0144 architektonicznych i zagospodarowania terenu.<br \/>\nb) Walory eksploatacyjne rozwi\u0105za\u0144 funkcjonalno-u\u017cytkowych i przestrzennych budynku i zagospodarowania.<br \/>\nc) Realno\u015b\u0107 i ekonomika przyj\u0119tych rozwi\u0105za\u0144, szczeg\u00f3lnie w kontek\u015bcie koszt\u00f3w u\u017cytkowania.<br \/>\nd) Zastosowanie rozwi\u0105za\u0144 proekologicznych i energooszcz\u0119dnych budynku i zagospodarowania.<\/p>\n","protected":false},"excerpt":{"rendered":"<p>Prace konkursowe oceniane b\u0119d\u0105 wed\u0142ug nast\u0119puj\u0105cych r\u00f3wnowa\u017cnych w swojej kategorii kryteri\u00f3w: a) Atrakcyjno\u015b\u0107 rozwi\u0105za\u0144 architektonicznych i zagospodarowania terenu. b) Walory eksploatacyjne rozwi\u0105za\u0144 funkcjonalno-u\u017cytkowych i przestrzennych budynku i zagospodarowania. c) Realno\u015b\u0107 i ekonomika przyj\u0119tych rozwi\u0105za\u0144, szczeg\u00f3lnie w kontek\u015bcie koszt\u00f3w u\u017cytkowania. d)<span class=\"ellipsis\">&hellip;<\/span><\/p>\n<div class=\"read-more\"><a href=\"https:\/\/konkurs-zabieniec.sarp.warszawa.pl\/index.php\/kryteria-oceny\/\">Czytaj wi\u0119cej <span class=\"screen-reader-text\">Kryteria oceny<\/span><span class=\"meta-nav\"> &#8250;<\/span><\/a><\/div>\n<p><!-- end of .read-more --><\/p>\n","protected":false},"author":1,"featured_media":0,"parent":0,"menu_order":0,"comment_status":"closed","ping_status":"closed","template":"","meta":[],"_links":{"self":[{"href":"https:\/\/konkurs-zabieniec.sarp.warszawa.pl\/index.php\/wp-json\/wp\/v2\/pages\/282"}],"collection":[{"href":"https:\/\/konkurs-zabieniec.sarp.warszawa.pl\/index.php\/wp-json\/wp\/v2\/pages"}],"about":[{"href":"https:\/\/konkurs-zabieniec.sarp.warszawa.pl\/index.php\/wp-json\/wp\/v2\/types\/page"}],"author":[{"embeddable":true,"href":"https:\/\/konkurs-zabieniec.sarp.warszawa.pl\/index.php\/wp-json\/wp\/v2\/users\/1"}],"replies":[{"embeddable":true,"href":"https:\/\/konkurs-zabieniec.sarp.warszawa.pl\/index.php\/wp-json\/wp\/v2\/comments?post=282"}],"version-history":[{"count":3,"href":"https:\/\/konkurs-zabieniec.sarp.warszawa.pl\/index.php\/wp-json\/wp\/v2\/pages\/282\/revisions"}],"predecessor-version":[{"id":545,"href":"https:\/\/konkurs-zabieniec.sarp.warszawa.pl\/index.php\/wp-json\/wp\/v2\/pages\/282\/revisions\/545"}],"wp:attachment":[{"href":"https:\/\/konkurs-zabieniec.sarp.warszawa.pl\/index.php\/wp-json\/wp\/v2\/media?parent=282"}],"curies":[{"name":"wp","href":"https:\/\/api.w.org\/{rel}","templated":true}]}}