{"id":25,"date":"2018-01-21T22:00:55","date_gmt":"2018-01-21T22:00:55","guid":{"rendered":"http:\/\/konkurs-uw.sarp.warszawa.pl\/?page_id=25"},"modified":"2021-03-03T14:33:00","modified_gmt":"2021-03-03T13:33:00","slug":"harmonogram","status":"publish","type":"page","link":"https:\/\/konkurs-zabieniec.sarp.warszawa.pl\/index.php\/harmonogram\/","title":{"rendered":"Harmonogram"},"content":{"rendered":"\n<p><strong>02.03.2021r.<\/strong><br>Organizator wprowadza nast\u0119puj\u0105ce&nbsp;zmiany w harmonogramie konkursu:<\/p>\n\n\n\n<p>Nowy termin sk\u0142adania prac&nbsp; &#8211;&nbsp; <strong>07.04.2021r.<\/strong><br>Nowy termin og\u0142oszenia wynik\u00f3w konkursu &#8211; <strong>26.04.2021r.<\/strong><br>Sk\u0142adanie pyta\u0144 &#8211; do dnia&nbsp;<strong>12.03.2021r. do godziny 12.00<\/strong><\/p>\n\n\n\n<div style=\"height:29px\" aria-hidden=\"true\" class=\"wp-block-spacer\"><\/div>\n\n\n\n<figure class=\"wp-block-table\"><table><tbody><tr><td>1.<\/td><td>Opublikowanie og\u0142oszenie o konkursie w Biuletynie Zam\u00f3wie\u0144 Publicznych.<br><\/td><td><strong>25.11.2020r.<\/strong><\/td><\/tr><tr><td>2.<\/td><td>Sk\u0142adanie pyta\u0144 o wyja\u015bnienie tre\u015bci Regulaminu dotycz\u0105ce sk\u0142adania wniosk\u00f3w o dopuszczenie na adres poczty elektronicznej (e-mail): <a href=\"mailto:konkurs-zabieniec@sarp.warszawa.pl\">konkurs-zabieniec@sarp.warszawa.pl<\/a><br><\/td><td>do dnia<strong> 07.12.2020r.<\/strong> do godziny<strong> 15.00<\/strong><\/td><\/tr><tr><td>3.<\/td><td>Rozsy\u0142anie odpowiedzi na pytania oraz publikacja tych odpowiedzi na stornie internetowej Konkursu.<br><\/td><td>do dnia<strong> 11.12.2020r.<\/strong><\/td><\/tr><tr><td>4.<\/td><td>Wnioski o dopuszczenie do udzia\u0142u w Konkursie sk\u0142ada\u0107 nale\u017cy w formie pisemnej w siedzibie OW SARP: Oddzia\u0142 Warszawski Stowarzyszenia Architekt\u00f3w Polskich ul. Foksal 2 00-366 Warszawa (godziny pracy od 10.00 do 16.00)<br><\/td><td>do dnia<strong> 18.12.2020r.<\/strong> do godziny<strong> 15.00<\/strong><\/td><\/tr><tr><td>5.<\/td><td>Wyniki kwalifikacji do udzia\u0142u w konkursie na podstawie wniosk\u00f3w o dopuszczenie.<br><\/td><td>do dnia<strong> 20.01.2021r.<\/strong><\/td><\/tr><tr><td>6.<\/td><td>Sk\u0142adanie pyta\u0144 o wyja\u015bnienie tre\u015bci Regulaminu dotycz\u0105ce opracowania i sk\u0142adania prac konkursowych na adres poczty elektronicznej (e-mail): <a href=\"mailto:konkurs-zabieniec@sarp.warszawa.pl\">konkurs-zabieniec@sarp.warszawa.pl<\/a><br><\/td><td>do dnia<strong> 17.02.2021r.<\/strong> do godziny<strong> 15.00<\/strong><\/td><\/tr><tr><td>7.<\/td><td>Rozsy\u0142anie odpowiedzi na pytania oraz publikacja tych odpowiedzi na stornie internetowej Konkursu.<br><\/td><td>do dnia<strong> 26.02.2021r.<\/strong><\/td><\/tr><tr><td>8.<\/td><td>Prace konkursowe sk\u0142ada\u0107 nale\u017cy w siedzibie OW SARP: Oddzia\u0142 Warszawski Stowarzyszenia Architekt\u00f3w Polskich ul. Foksal 2 00-366 Warszawa (godziny pracy od 10.00 do 16.00)<br><\/td><td>do dnia<strong> 16.03.2021r.<\/strong> do godziny<strong> 15.00<\/strong><\/td><\/tr><tr><td>9.<\/td><td>Oficjalne, publiczne og\u0142oszenie wynik\u00f3w konkursu.<br>O miejscu i godzinie Uczestnicy konkursu zostan\u0105 poinformowani odr\u0119bnym pismem lub za pomoc\u0105 poczty elektronicznej.<br><\/td><td>dnia<strong> 30.03.2021r.<\/strong><\/td><\/tr><tr><td>10.<\/td><td>O miejscu i dacie ewentualnej wystawy pokonkursowej oraz dyskusji pokonkursowej Organizator zawiadomi Uczestnik\u00f3w konkursu odr\u0119bnie oraz dodatkowo umie\u015bci t\u0105 informacj\u0119 na stronie internetowej konkursu tj.: <a href=\"http:\/\/www.konkurs-zabieniec.sarp.warszawa.pl\/\">www.konkurs-zabieniec.sarp.warszawa.pl<\/a><br><\/td><td><br><\/td><\/tr><\/tbody><\/table><\/figure>\n","protected":false},"excerpt":{"rendered":"<p>02.03.2021r.Organizator wprowadza nast\u0119puj\u0105ce&nbsp;zmiany w harmonogramie konkursu: Nowy termin sk\u0142adania prac&nbsp; &#8211;&nbsp; 07.04.2021r.Nowy termin og\u0142oszenia wynik\u00f3w konkursu &#8211; 26.04.2021r.Sk\u0142adanie pyta\u0144 &#8211; do dnia&nbsp;12.03.2021r. do godziny 12.00 1. Opublikowanie og\u0142oszenie o konkursie w Biuletynie Zam\u00f3wie\u0144 Publicznych. 25.11.2020r. 2. Sk\u0142adanie pyta\u0144 o wyja\u015bnienie<span class=\"ellipsis\">&hellip;<\/span><\/p>\n<div class=\"read-more\"><a href=\"https:\/\/konkurs-zabieniec.sarp.warszawa.pl\/index.php\/harmonogram\/\">Czytaj wi\u0119cej <span class=\"screen-reader-text\">Harmonogram<\/span><span class=\"meta-nav\"> &#8250;<\/span><\/a><\/div>\n<p><!-- end of .read-more --><\/p>\n","protected":false},"author":1,"featured_media":0,"parent":0,"menu_order":0,"comment_status":"closed","ping_status":"closed","template":"","meta":[],"_links":{"self":[{"href":"https:\/\/konkurs-zabieniec.sarp.warszawa.pl\/index.php\/wp-json\/wp\/v2\/pages\/25"}],"collection":[{"href":"https:\/\/konkurs-zabieniec.sarp.warszawa.pl\/index.php\/wp-json\/wp\/v2\/pages"}],"about":[{"href":"https:\/\/konkurs-zabieniec.sarp.warszawa.pl\/index.php\/wp-json\/wp\/v2\/types\/page"}],"author":[{"embeddable":true,"href":"https:\/\/konkurs-zabieniec.sarp.warszawa.pl\/index.php\/wp-json\/wp\/v2\/users\/1"}],"replies":[{"embeddable":true,"href":"https:\/\/konkurs-zabieniec.sarp.warszawa.pl\/index.php\/wp-json\/wp\/v2\/comments?post=25"}],"version-history":[{"count":13,"href":"https:\/\/konkurs-zabieniec.sarp.warszawa.pl\/index.php\/wp-json\/wp\/v2\/pages\/25\/revisions"}],"predecessor-version":[{"id":619,"href":"https:\/\/konkurs-zabieniec.sarp.warszawa.pl\/index.php\/wp-json\/wp\/v2\/pages\/25\/revisions\/619"}],"wp:attachment":[{"href":"https:\/\/konkurs-zabieniec.sarp.warszawa.pl\/index.php\/wp-json\/wp\/v2\/media?parent=25"}],"curies":[{"name":"wp","href":"https:\/\/api.w.org\/{rel}","templated":true}]}}