{"id":103,"date":"2021-01-18T22:00:00","date_gmt":"2021-01-18T21:00:00","guid":{"rendered":"http:\/\/konkurs-polem.sarp.warszawa.pl\/?page_id=103"},"modified":"2021-05-17T23:47:16","modified_gmt":"2021-05-17T21:47:16","slug":"aktualnosci","status":"publish","type":"page","link":"https:\/\/konkurs-zabieniec.sarp.warszawa.pl\/","title":{"rendered":"Aktualno\u015bci"},"content":{"rendered":"\n<p><strong>17.05.2021 r<\/strong>.<br><\/p>\n\n\n\n<p>Informujemy, i\u017c dyskusja pokonkursowa odb\u0119dzie si\u0119 w dniu 20.05.2021 r. o godzinie 15.00.Transmisja online spotkania b\u0119dzie na kanale\u00a0\u00a0<a rel=\"noreferrer noopener\" href=\"https:\/\/www.youtube.com\/c\/GminaPiasecznoPromocja\" target=\"_blank\">YouTube Gminy Piaseczno<\/a>\u00a0oraz na\u00a0\u00a0<a rel=\"noreferrer noopener\" href=\"https:\/\/www.facebook.com\/GminaPiaseczno\" target=\"_blank\">Facebooku Gminy Piaseczno<\/a>, gdzie pod linkiem na Facebook b\u0119dzie mo\u017cna zadawa\u0107 pytania.<\/p>\n\n\n\n<hr class=\"wp-block-separator\"\/>\n\n\n\n<p><strong>26.04.2021 r<\/strong>.<br>Opublikowano informacj\u0119 o wynikach rozstrzygni\u0119cia konkursu realizacyjnego na opracowanie koncepcji architektonicznej budynku \u015bwietlicy sportowej wraz z zagospodarowaniem terenu w \u017babie\u0144cu, gm. Piaseczno.<br><a rel=\"noreferrer noopener\" href=\"http:\/\/konkurs-zabieniec.sarp.warszawa.pl\/wp-content\/uploads\/2021\/05\/Informacja_wyniki_rozstrzygniecia_Konkurs_Zabieniec_26_04_2021.pdf\" target=\"_blank\">Informacja_wyniki_rozstrzygniecia_Konkurs_Zabieniec.pdf<\/a><\/p>\n\n\n\n<hr class=\"wp-block-separator\"\/>\n\n\n\n<p><strong>25.04.2021 r.<\/strong><br>Zapraszamy do ogl\u0105dania transmisji Og\u0142oszenia wynik\u00f3w Konkursu. Link do transmisji: <a rel=\"noreferrer noopener\" href=\"https:\/\/www.youtube.com\/watch?v=4XTynSV3_JY\" target=\"_blank\">Og\u0142oszenie wynik\u00f3w Konkurs \u017babieniec. &#8211; YouTube<\/a><\/p>\n\n\n\n<hr class=\"wp-block-separator\"\/>\n\n\n\n<p><strong>18.03.2021 r.<\/strong><br>Opublikowano\u00a0Wyja\u015bnienia\u00a0(3) zwi\u0105zane ze zmian\u0105 terminu i formy sk\u0142adania prac konkursowych oraz niekt\u00f3rych tre\u015bci Regulaminu konkursu.<br><a rel=\"noreferrer noopener\" href=\"http:\/\/konkurs-zabieniec.sarp.warszawa.pl\/wp-content\/uploads\/2021\/03\/Wyjasnienia-3_tresci_Regualminu_Konkurs_Zabieniec.pdf\" target=\"_blank\">Wyjasnienia-3_tresci_Regualminu_Konkurs_Zabieniec.pdf<\/a><\/p>\n\n\n\n<hr class=\"wp-block-separator\"\/>\n\n\n\n<p><strong>02.03.2021r.<\/strong><br>Organizator informuje, i\u017c ze wzgl\u0119du na pewne istotne zmiany wytycznych projektowych wynikaj\u0105ce z odpowiedzi na pytania (Wyja\u015bnienie 2 tre\u015bci Regulaminu konkursu z dnia 26.02.2021r.), zdecydowano si\u0119 na zmian\u0119 terminu sk\u0142adania prac konkursowych<br>Nowy termin sk\u0142adania prac to <strong>07.04.2021r.<\/strong><br>Bior\u0105c tak\u017ce pod uwag\u0119 niepewn\u0105 sytuacj\u0119 zwi\u0105zana z pandemi\u0105 koronawirusa w kraju Organizator postanowi\u0142 tak\u017ce o zmianie sposobu sk\u0142adania prac konkursowych<br>W zwi\u0105zku ze zmian\u0105 sposobu sk\u0142adania&nbsp;prac Organizator wprowadzi\u0142 nowe O\u015bwiadczenie Uczestnika konkursu. O\u015bwiadczenie to stanowi nowy Za\u0142\u0105cznik nr 1e do Regulaminu, kt\u00f3ry po wype\u0142nieniu i podpisaniu nale\u017cy z\u0142o\u017cy\u0107 wraz z kart\u0105 identyfikacyjn\u0105 pracy konkursowej.&nbsp;&nbsp;<\/p>\n\n\n\n<p>W zwi\u0105zku z powy\u017cszymi zmianami Uczestnicy konkursu mog\u0105 sk\u0142ada\u0107 dodatkowe pytania zwi\u0105zane ze zmianami wynikaj\u0105cymi z powy\u017cszego pisma do dnia <strong>12.03.2021r. do godziny 12.00<\/strong>.<\/p>\n\n\n\n<p>Pismo&nbsp;dotycz\u0105ce informacji o zmianie termin\u00f3w Konkursu i sposobu sk\u0142adania prac konkursowych&nbsp; raz nowy Za\u0142\u0105cznik&nbsp;nr 3e do pobrania poni\u017cej.<br><a rel=\"noreferrer noopener\" href=\"http:\/\/konkurs-zabieniec.sarp.warszawa.pl\/wp-content\/uploads\/2021\/03\/Informacja_o_zmianie_terminu_i_sposobu_skladania_prac_Konkurs_Zabieniec.pdf\" target=\"_blank\">Informacja_o_zmianie_terminu_i_sposobu_skladania_prac_Konkurs_Zabieniec.pdf<\/a><br><a rel=\"noreferrer noopener\" href=\"http:\/\/konkurs-zabieniec.sarp.warszawa.pl\/wp-content\/uploads\/2021\/03\/Zal_1e_do_Regulaminu_Oswiadczenie_Uczestnika_skladanie_prac.docx\" target=\"_blank\">Zal_1e_do_Regulaminu_Oswiadczenie_Uczestnika_skladanie_prac.docx<\/a><\/p>\n\n\n\n<hr class=\"wp-block-separator\"\/>\n\n\n<div>\n<div>\n<div><b>26.02.2021r.<\/b><\/div>\n<div>Opublikowano&nbsp;&nbsp;<span class=\"gmail-il\">Wyja\u015bnienie<\/span>&nbsp;(2) tre\u015bci Regulaminu konkursu dotycz\u0105ce opracowania i sk\u0142adania prac konkursowych wraz z informacj\u0105 dotycz\u0105c\u0105 zmiany termin\u00f3w konkursu oraz sposobu i formy sk\u0142adania prac konkursowych.<br><a href=\"http:\/\/konkurs-zabieniec.sarp.warszawa.pl\/wp-content\/uploads\/2021\/02\/Wyjasnienia-2-tresci-Regualminu-Konkurs-Zabieniec.pdf\" target=\"_blank\" rel=\"noopener\">Wyjasnienia-2-tresci-Regualminu-Konkurs-Zabieniec.pdf<\/a><\/div>\n<\/div>\n<\/div>\n\n\n<hr class=\"wp-block-separator\"\/>\n\n\n\n<p><strong>26.01.2021<\/strong><br>Wyniki dopuszczenia do konkursu &#8211; KOREKTA Organizator wprowadza korekt\u0119 w informacji o dopuszczeniu&nbsp;do udzia\u0142u w konkursie spowodowan\u0105 ewidentn\u0105 pomy\u0142k\u0105 pisarsk\u0105, kt\u00f3ra pojawi\u0142a si\u0119 w pi\u015bmie informuj\u0105cym o tych wynikach. Informujemy, i\u017c do konkursu zosta\u0142o dopuszczonych&nbsp;<strong><u>107 Uczestnik\u00f3w<\/u><\/strong>&nbsp;kt\u00f3rzy z\u0142o\u017cyli wnioski o dopuszczenie lub\/i wyja\u015bnienia i uzupe\u0142nienia do wniosk\u00f3w. B\u0142\u0105d wynikn\u0105\u0142 z omy\u0142kowo wpisanej liczby Uczestnik\u00f3w, kt\u00f3rzy nie z\u0142o\u017cyli uzupe\u0142nie\u0144 lub\/i wyja\u015bnie\u0144.&nbsp; &nbsp; Poni\u017cej publikujemy pismo&nbsp; z informacj\u0105 o wynikach dopuszczenia do udzia\u0142u w konkursie ze skorygowanym b\u0142\u0119dem. <a rel=\"noreferrer noopener\" href=\"http:\/\/konkurs-zabieniec.sarp.warszawa.pl\/wp-content\/uploads\/2021\/01\/Informacja-o-wynikach-dopuszczenia-do-udzialu-w-konkursie-swietlica-sportowa-Zabieniec_KOREKTA-1.pdf\" target=\"_blank\">Informacja-o-wynikach-dopuszczenia-do-udzialu-w-konkursie-swietlica-sportowa-Zabieniec_KOREKTA-1.pdf<\/a><\/p>\n\n\n\n<hr class=\"wp-block-separator\"\/>\n\n\n\n<p><strong>20.01.2021<\/strong><br>Opublikowano informacj\u0119 o wynikach dopuszczenia do udzia\u0142u w konkursie.<br><a rel=\"noreferrer noopener\" href=\"http:\/\/konkurs-zabieniec.sarp.warszawa.pl\/wp-content\/uploads\/2021\/01\/Informacja-o-wynikach-dopuszczenia-do-udzialu-w-konkursie-swietlica-sportowa-Zabieniec.pdf\" target=\"_blank\">Informacja-o-wynikach-dopuszczenia-do-udzialu-w-konkursie-swietlica-sportowa-Zabieniec.pdf<\/a><\/p>\n\n\n\n<hr class=\"wp-block-separator\"\/>\n\n\n\n<p><strong>11.12.2020<\/strong><br>Opublikowano Wyja\u015bnienie (1) tre\u015bci Regulaminu konkursu dotycz\u0105ce sk\u0142adania wniosk\u00f3w o dopuszczenie do udzia\u0142u w Konkursie.<a rel=\"noreferrer noopener\" href=\"http:\/\/konkurs-zabieniec.sarp.warszawa.pl\/wp-content\/uploads\/2020\/12\/Wyjasnienia-1-tresci-Regualminu-Konkurs-Zabieniec.pdf\" target=\"_blank\">Wyjasnienia 1 tresci Regualminu Konkurs Zabieniec.pdf<\/a><\/p>\n\n\n\n<hr class=\"wp-block-separator\"\/>\n\n\n\n<p><strong>25.11.2020<br><\/strong>Og\u0142oszenie o konkursie zosta\u0142o zamieszczone w Biuletynie Zam\u00f3wie\u0144 Publicznych.<br><a rel=\"noreferrer noopener\" href=\"http:\/\/konkurs-zabieniec.sarp.warszawa.pl\/wp-content\/uploads\/2020\/11\/Ogloszenie_o_Konkursie_opublikowane_w_BZP.pdf\" target=\"_blank\">Og\u0142oszenie o Konkursie opublikowane w BZP.pdf<\/a><\/p>\n","protected":false},"excerpt":{"rendered":"<p>17.05.2021 r. Informujemy, i\u017c dyskusja pokonkursowa odb\u0119dzie si\u0119 w dniu 20.05.2021 r. o godzinie 15.00.Transmisja online spotkania b\u0119dzie na kanale\u00a0\u00a0YouTube Gminy Piaseczno\u00a0oraz na\u00a0\u00a0Facebooku Gminy Piaseczno, gdzie pod linkiem na Facebook b\u0119dzie mo\u017cna zadawa\u0107 pytania. 26.04.2021 r.Opublikowano informacj\u0119 o wynikach rozstrzygni\u0119cia<span class=\"ellipsis\">&hellip;<\/span><\/p>\n<div class=\"read-more\"><a href=\"https:\/\/konkurs-zabieniec.sarp.warszawa.pl\/\">Czytaj wi\u0119cej <span class=\"screen-reader-text\">Aktualno\u015bci<\/span><span class=\"meta-nav\"> &#8250;<\/span><\/a><\/div>\n<p><!-- end of .read-more --><\/p>\n","protected":false},"author":1,"featured_media":0,"parent":0,"menu_order":0,"comment_status":"closed","ping_status":"closed","template":"","meta":[],"_links":{"self":[{"href":"https:\/\/konkurs-zabieniec.sarp.warszawa.pl\/index.php\/wp-json\/wp\/v2\/pages\/103"}],"collection":[{"href":"https:\/\/konkurs-zabieniec.sarp.warszawa.pl\/index.php\/wp-json\/wp\/v2\/pages"}],"about":[{"href":"https:\/\/konkurs-zabieniec.sarp.warszawa.pl\/index.php\/wp-json\/wp\/v2\/types\/page"}],"author":[{"embeddable":true,"href":"https:\/\/konkurs-zabieniec.sarp.warszawa.pl\/index.php\/wp-json\/wp\/v2\/users\/1"}],"replies":[{"embeddable":true,"href":"https:\/\/konkurs-zabieniec.sarp.warszawa.pl\/index.php\/wp-json\/wp\/v2\/comments?post=103"}],"version-history":[{"count":26,"href":"https:\/\/konkurs-zabieniec.sarp.warszawa.pl\/index.php\/wp-json\/wp\/v2\/pages\/103\/revisions"}],"predecessor-version":[{"id":783,"href":"https:\/\/konkurs-zabieniec.sarp.warszawa.pl\/index.php\/wp-json\/wp\/v2\/pages\/103\/revisions\/783"}],"wp:attachment":[{"href":"https:\/\/konkurs-zabieniec.sarp.warszawa.pl\/index.php\/wp-json\/wp\/v2\/media?parent=103"}],"curies":[{"name":"wp","href":"https:\/\/api.w.org\/{rel}","templated":true}]}}